{"id":15267,"date":"2024-03-08T07:41:58","date_gmt":"2024-03-08T08:41:58","guid":{"rendered":"https:\/\/highrock-car.com\/product\/mercedes-benz-s350d-fa\/"},"modified":"2024-03-08T07:41:58","modified_gmt":"2024-03-08T08:41:58","slug":"mercedes-benz-s350d-fa","status":"publish","type":"product","link":"https:\/\/highrock-car.com\/fa\/product\/mercedes-benz-s350d-fa\/","title":{"rendered":"\u0628\u0646\u0632 s350"},"content":{"rendered":"<p>D\u00fcnya oto ma\u011fazas\u0131nda.<\/p>\n","protected":false},"excerpt":{"rendered":"<p>D\u00fcnya oto ma\u011fazas\u0131nda.<\/p>\n","protected":false},"featured_media":14933,"comment_status":"open","ping_status":"closed","template":"","meta":{"_acf_changed":false},"product_brand":[],"product_cat":[2341,1418],"product_tag":[],"class_list":{"0":"post-15267","1":"product","2":"type-product","3":"status-publish","4":"has-post-thumbnail","6":"product_cat-s-fa-2","7":"product_cat-mercedes-benz-fa","8":"pa_brand-benz-fa","9":"pa_city-magusa-fa","10":"pa_silender-no-6-fa","12":"first","13":"instock","14":"shipping-taxable","15":"purchasable","16":"product-type-simple"},"acf":[],"yoast_head":"<!-- This site is optimized with the Yoast SEO Premium plugin v24.4 (Yoast SEO v26.5) - https:\/\/yoast.com\/wordpress\/plugins\/seo\/ -->\n<title>\u0628\u0646\u0632 s350 -<\/title>\n<meta name=\"robots\" content=\"index, follow, max-snippet:-1, max-image-preview:large, max-video-preview:-1\" \/>\n<link rel=\"canonical\" href=\"https:\/\/highrock-car.com\/urun\/mercedes-benz-s350d\/\" \/>\n<meta property=\"og:locale\" content=\"fa_IR\" \/>\n<meta property=\"og:type\" content=\"article\" \/>\n<meta property=\"og:title\" content=\"\u0628\u0646\u0632 s350\" \/>\n<meta property=\"og:description\" content=\"D\u00fcnya oto ma\u011fazas\u0131nda.\" \/>\n<meta property=\"og:url\" content=\"https:\/\/highrock-car.com\/urun\/mercedes-benz-s350d\/\" \/>\n<meta property=\"og:site_name\" content=\"\u062e\u0631\u06cc\u062f \u0648 \u0641\u0631\u0648\u0634 \u062e\u0648\u062f\u0631\u0648 \u0634\u0631\u06a9\u062a \u0647\u0627\u06cc \u0631\u0627\u06a9\" \/>\n<meta property=\"og:image\" content=\"https:\/\/highrock-car.com\/wp-content\/uploads\/2024\/03\/20240306_165911.jpg\" \/>\n\t<meta property=\"og:image:width\" content=\"600\" \/>\n\t<meta property=\"og:image:height\" content=\"600\" \/>\n\t<meta property=\"og:image:type\" content=\"image\/jpeg\" \/>\n<meta name=\"twitter:card\" content=\"summary_large_image\" \/>\n<meta name=\"twitter:label1\" content=\"\u0642\u06cc\u0645\u062a\" \/>\n\t<meta name=\"twitter:data1\" content=\"\" \/>\n\t<meta name=\"twitter:label2\" content=\"\u062f\u0633\u062a\u0631\u0633\u06cc\" \/>\n\t<meta name=\"twitter:data2\" content=\"\u0645\u0648\u062c\u0648\u062f\" \/>\n<script type=\"application\/ld+json\" class=\"yoast-schema-graph\">{\"@context\":\"https:\/\/schema.org\",\"@graph\":[{\"@type\":\"WebPage\",\"@id\":\"https:\/\/highrock-car.com\/urun\/mercedes-benz-s350d\/\",\"url\":\"https:\/\/highrock-car.com\/urun\/mercedes-benz-s350d\/\",\"name\":\"\u0628\u0646\u0632 s350 -\",\"isPartOf\":{\"@id\":\"https:\/\/highrock-car.com\/#website\"},\"primaryImageOfPage\":{\"@id\":\"https:\/\/highrock-car.com\/urun\/mercedes-benz-s350d\/#primaryimage\"},\"image\":{\"@id\":\"https:\/\/highrock-car.com\/urun\/mercedes-benz-s350d\/#primaryimage\"},\"thumbnailUrl\":\"https:\/\/highrock-car.com\/wp-content\/uploads\/2024\/03\/20240306_165911.jpg\",\"datePublished\":\"2024-03-08T08:41:58+00:00\",\"breadcrumb\":{\"@id\":\"https:\/\/highrock-car.com\/urun\/mercedes-benz-s350d\/#breadcrumb\"},\"inLanguage\":\"fa-IR\",\"potentialAction\":[{\"@type\":\"ReadAction\",\"target\":[\"https:\/\/highrock-car.com\/urun\/mercedes-benz-s350d\/\"]}]},{\"@type\":\"ImageObject\",\"inLanguage\":\"fa-IR\",\"@id\":\"https:\/\/highrock-car.com\/urun\/mercedes-benz-s350d\/#primaryimage\",\"url\":\"https:\/\/highrock-car.com\/wp-content\/uploads\/2024\/03\/20240306_165911.jpg\",\"contentUrl\":\"https:\/\/highrock-car.com\/wp-content\/uploads\/2024\/03\/20240306_165911.jpg\",\"width\":600,\"height\":600,\"caption\":\"Mercedes-Benz S350d\"},{\"@type\":\"BreadcrumbList\",\"@id\":\"https:\/\/highrock-car.com\/urun\/mercedes-benz-s350d\/#breadcrumb\",\"itemListElement\":[{\"@type\":\"ListItem\",\"position\":1,\"name\":\"Home\",\"item\":\"https:\/\/highrock-car.com\/\"},{\"@type\":\"ListItem\",\"position\":2,\"name\":\"\u0641\u0631\u0648\u0634\u06af\u0627\u0647\",\"item\":\"https:\/\/highrock-car.com\/fa\/%d9%81%d8%b1%d9%88%d8%b4%da%af%d8%a7%d9%87\/\"},{\"@type\":\"ListItem\",\"position\":3,\"name\":\"\u0628\u0646\u0632 s350\"}]},{\"@type\":\"WebSite\",\"@id\":\"https:\/\/highrock-car.com\/#website\",\"url\":\"https:\/\/highrock-car.com\/\",\"name\":\"Highrock \u015firket arabalar\u0131\",\"description\":\"\u062e\u0631\u06cc\u062f \u0648 \u0641\u0631\u0648\u0634 \u062e\u0648\u062f\u0631\u0648 \u0634\u0631\u06a9\u062a \u0647\u0627\u06cc \u0631\u0627\u06a9 \u062f\u0631 \u0642\u0628\u0631\u0633 \u0634\u0645\u0627\u0644\u06cc\",\"publisher\":{\"@id\":\"https:\/\/highrock-car.com\/#organization\"},\"potentialAction\":[{\"@type\":\"SearchAction\",\"target\":{\"@type\":\"EntryPoint\",\"urlTemplate\":\"https:\/\/highrock-car.com\/?s={search_term_string}\"},\"query-input\":{\"@type\":\"PropertyValueSpecification\",\"valueRequired\":true,\"valueName\":\"search_term_string\"}}],\"inLanguage\":\"fa-IR\"},{\"@type\":\"Organization\",\"@id\":\"https:\/\/highrock-car.com\/#organization\",\"name\":\"Highrock \u015firket arabalar\u0131\",\"url\":\"https:\/\/highrock-car.com\/\",\"logo\":{\"@type\":\"ImageObject\",\"inLanguage\":\"fa-IR\",\"@id\":\"https:\/\/highrock-car.com\/#\/schema\/logo\/image\/\",\"url\":\"https:\/\/highrock-car.com\/wp-content\/uploads\/2023\/05\/logo3.png\",\"contentUrl\":\"https:\/\/highrock-car.com\/wp-content\/uploads\/2023\/05\/logo3.png\",\"width\":500,\"height\":156,\"caption\":\"Highrock \u015firket arabalar\u0131\"},\"image\":{\"@id\":\"https:\/\/highrock-car.com\/#\/schema\/logo\/image\/\"}}]}<\/script>\n<meta property=\"product:price:currency\" content=\"GBP\" \/>\n<meta property=\"og:availability\" content=\"instock\" \/>\n<meta property=\"product:availability\" content=\"instock\" \/>\n<meta property=\"product:condition\" content=\"new\" \/>\n<!-- \/ Yoast SEO Premium plugin. -->","yoast_head_json":{"title":"\u0628\u0646\u0632 s350 -","robots":{"index":"index","follow":"follow","max-snippet":"max-snippet:-1","max-image-preview":"max-image-preview:large","max-video-preview":"max-video-preview:-1"},"canonical":"https:\/\/highrock-car.com\/urun\/mercedes-benz-s350d\/","og_locale":"fa_IR","og_type":"article","og_title":"\u0628\u0646\u0632 s350","og_description":"D\u00fcnya oto ma\u011fazas\u0131nda.","og_url":"https:\/\/highrock-car.com\/urun\/mercedes-benz-s350d\/","og_site_name":"\u062e\u0631\u06cc\u062f \u0648 \u0641\u0631\u0648\u0634 \u062e\u0648\u062f\u0631\u0648 \u0634\u0631\u06a9\u062a \u0647\u0627\u06cc \u0631\u0627\u06a9","og_image":[{"width":600,"height":600,"url":"https:\/\/highrock-car.com\/wp-content\/uploads\/2024\/03\/20240306_165911.jpg","type":"image\/jpeg"}],"twitter_card":"summary_large_image","twitter_misc":{"\u0642\u06cc\u0645\u062a":"","\u062f\u0633\u062a\u0631\u0633\u06cc":"\u0645\u0648\u062c\u0648\u062f"},"schema":{"@context":"https:\/\/schema.org","@graph":[{"@type":"WebPage","@id":"https:\/\/highrock-car.com\/urun\/mercedes-benz-s350d\/","url":"https:\/\/highrock-car.com\/urun\/mercedes-benz-s350d\/","name":"\u0628\u0646\u0632 s350 -","isPartOf":{"@id":"https:\/\/highrock-car.com\/#website"},"primaryImageOfPage":{"@id":"https:\/\/highrock-car.com\/urun\/mercedes-benz-s350d\/#primaryimage"},"image":{"@id":"https:\/\/highrock-car.com\/urun\/mercedes-benz-s350d\/#primaryimage"},"thumbnailUrl":"https:\/\/highrock-car.com\/wp-content\/uploads\/2024\/03\/20240306_165911.jpg","datePublished":"2024-03-08T08:41:58+00:00","breadcrumb":{"@id":"https:\/\/highrock-car.com\/urun\/mercedes-benz-s350d\/#breadcrumb"},"inLanguage":"fa-IR","potentialAction":[{"@type":"ReadAction","target":["https:\/\/highrock-car.com\/urun\/mercedes-benz-s350d\/"]}]},{"@type":"ImageObject","inLanguage":"fa-IR","@id":"https:\/\/highrock-car.com\/urun\/mercedes-benz-s350d\/#primaryimage","url":"https:\/\/highrock-car.com\/wp-content\/uploads\/2024\/03\/20240306_165911.jpg","contentUrl":"https:\/\/highrock-car.com\/wp-content\/uploads\/2024\/03\/20240306_165911.jpg","width":600,"height":600,"caption":"Mercedes-Benz S350d"},{"@type":"BreadcrumbList","@id":"https:\/\/highrock-car.com\/urun\/mercedes-benz-s350d\/#breadcrumb","itemListElement":[{"@type":"ListItem","position":1,"name":"Home","item":"https:\/\/highrock-car.com\/"},{"@type":"ListItem","position":2,"name":"\u0641\u0631\u0648\u0634\u06af\u0627\u0647","item":"https:\/\/highrock-car.com\/fa\/%d9%81%d8%b1%d9%88%d8%b4%da%af%d8%a7%d9%87\/"},{"@type":"ListItem","position":3,"name":"\u0628\u0646\u0632 s350"}]},{"@type":"WebSite","@id":"https:\/\/highrock-car.com\/#website","url":"https:\/\/highrock-car.com\/","name":"Highrock \u015firket arabalar\u0131","description":"\u062e\u0631\u06cc\u062f \u0648 \u0641\u0631\u0648\u0634 \u062e\u0648\u062f\u0631\u0648 \u0634\u0631\u06a9\u062a \u0647\u0627\u06cc \u0631\u0627\u06a9 \u062f\u0631 \u0642\u0628\u0631\u0633 \u0634\u0645\u0627\u0644\u06cc","publisher":{"@id":"https:\/\/highrock-car.com\/#organization"},"potentialAction":[{"@type":"SearchAction","target":{"@type":"EntryPoint","urlTemplate":"https:\/\/highrock-car.com\/?s={search_term_string}"},"query-input":{"@type":"PropertyValueSpecification","valueRequired":true,"valueName":"search_term_string"}}],"inLanguage":"fa-IR"},{"@type":"Organization","@id":"https:\/\/highrock-car.com\/#organization","name":"Highrock \u015firket arabalar\u0131","url":"https:\/\/highrock-car.com\/","logo":{"@type":"ImageObject","inLanguage":"fa-IR","@id":"https:\/\/highrock-car.com\/#\/schema\/logo\/image\/","url":"https:\/\/highrock-car.com\/wp-content\/uploads\/2023\/05\/logo3.png","contentUrl":"https:\/\/highrock-car.com\/wp-content\/uploads\/2023\/05\/logo3.png","width":500,"height":156,"caption":"Highrock \u015firket arabalar\u0131"},"image":{"@id":"https:\/\/highrock-car.com\/#\/schema\/logo\/image\/"}}]},"product_price_currency":"GBP","og_availability":"instock","product_availability":"instock","product_condition":"new"},"_links":{"self":[{"href":"https:\/\/highrock-car.com\/fa\/wp-json\/wp\/v2\/product\/15267","targetHints":{"allow":["GET"]}}],"collection":[{"href":"https:\/\/highrock-car.com\/fa\/wp-json\/wp\/v2\/product"}],"about":[{"href":"https:\/\/highrock-car.com\/fa\/wp-json\/wp\/v2\/types\/product"}],"replies":[{"embeddable":true,"href":"https:\/\/highrock-car.com\/fa\/wp-json\/wp\/v2\/comments?post=15267"}],"version-history":[{"count":0,"href":"https:\/\/highrock-car.com\/fa\/wp-json\/wp\/v2\/product\/15267\/revisions"}],"wp:featuredmedia":[{"embeddable":true,"href":"https:\/\/highrock-car.com\/fa\/wp-json\/wp\/v2\/media\/14933"}],"wp:attachment":[{"href":"https:\/\/highrock-car.com\/fa\/wp-json\/wp\/v2\/media?parent=15267"}],"wp:term":[{"taxonomy":"product_brand","embeddable":true,"href":"https:\/\/highrock-car.com\/fa\/wp-json\/wp\/v2\/product_brand?post=15267"},{"taxonomy":"product_cat","embeddable":true,"href":"https:\/\/highrock-car.com\/fa\/wp-json\/wp\/v2\/product_cat?post=15267"},{"taxonomy":"product_tag","embeddable":true,"href":"https:\/\/highrock-car.com\/fa\/wp-json\/wp\/v2\/product_tag?post=15267"}],"curies":[{"name":"wp","href":"https:\/\/api.w.org\/{rel}","templated":true}]}}