{"id":15049,"date":"2024-03-08T08:56:26","date_gmt":"2024-03-08T09:56:26","guid":{"rendered":"https:\/\/highrock-car.com\/product\/toyota-sienta-en\/"},"modified":"2024-03-22T18:15:47","modified_gmt":"2024-03-22T19:15:47","slug":"toyota-sienta-en","status":"publish","type":"product","link":"https:\/\/highrock-car.com\/en\/product\/toyota-sienta-en\/","title":{"rendered":"Toyota Sienta"},"content":{"rendered":"<p>D\u00fcnya oto ma\u011fazas\u0131nda. 82591Km<\/p>\n","protected":false},"excerpt":{"rendered":"<p>D\u00fcnya oto ma\u011fazas\u0131nda. 82591Km<\/p>\n","protected":false},"featured_media":15016,"comment_status":"open","ping_status":"closed","template":"","meta":{"_acf_changed":false},"product_brand":[],"product_cat":[2884,2786],"product_tag":[],"class_list":{"0":"post-15049","1":"product","2":"type-product","3":"status-publish","4":"has-post-thumbnail","6":"product_cat-sienta","7":"product_cat-toyota","8":"pa_brand-toyota-en","9":"pa_city-magusa-en","11":"first","12":"instock","13":"shipping-taxable","14":"purchasable","15":"product-type-simple"},"acf":[],"yoast_head":"<!-- This site is optimized with the Yoast SEO Premium plugin v24.4 (Yoast SEO v26.5) - https:\/\/yoast.com\/wordpress\/plugins\/seo\/ -->\n<title>Toyota Sienta -<\/title>\n<meta name=\"robots\" content=\"index, follow, max-snippet:-1, max-image-preview:large, max-video-preview:-1\" \/>\n<link rel=\"canonical\" href=\"https:\/\/highrock-car.com\/urun\/toyota-sienta\/\" \/>\n<meta property=\"og:locale\" content=\"en_US\" \/>\n<meta property=\"og:type\" content=\"article\" \/>\n<meta property=\"og:title\" content=\"Toyota Sienta\" \/>\n<meta property=\"og:description\" content=\"D\u00fcnya oto ma\u011fazas\u0131nda. 82591Km\" \/>\n<meta property=\"og:url\" content=\"https:\/\/highrock-car.com\/urun\/toyota-sienta\/\" \/>\n<meta property=\"og:site_name\" content=\"sell and buy cars\" \/>\n<meta property=\"article:modified_time\" content=\"2024-03-22T19:15:47+00:00\" \/>\n<meta property=\"og:image\" content=\"https:\/\/highrock-car.com\/wp-content\/uploads\/2024\/03\/20240306_164550.jpg\" \/>\n\t<meta property=\"og:image:width\" content=\"600\" \/>\n\t<meta property=\"og:image:height\" content=\"600\" \/>\n\t<meta property=\"og:image:type\" content=\"image\/jpeg\" \/>\n<meta name=\"twitter:card\" content=\"summary_large_image\" \/>\n<meta name=\"twitter:label1\" content=\"Price\" \/>\n\t<meta name=\"twitter:data1\" content=\"\" \/>\n\t<meta name=\"twitter:label2\" content=\"Availability\" \/>\n\t<meta name=\"twitter:data2\" content=\"In stock\" \/>\n<script type=\"application\/ld+json\" class=\"yoast-schema-graph\">{\"@context\":\"https:\/\/schema.org\",\"@graph\":[{\"@type\":\"WebPage\",\"@id\":\"https:\/\/highrock-car.com\/urun\/toyota-sienta\/\",\"url\":\"https:\/\/highrock-car.com\/urun\/toyota-sienta\/\",\"name\":\"Toyota Sienta -\",\"isPartOf\":{\"@id\":\"https:\/\/highrock-car.com\/#website\"},\"primaryImageOfPage\":{\"@id\":\"https:\/\/highrock-car.com\/urun\/toyota-sienta\/#primaryimage\"},\"image\":{\"@id\":\"https:\/\/highrock-car.com\/urun\/toyota-sienta\/#primaryimage\"},\"thumbnailUrl\":\"https:\/\/highrock-car.com\/wp-content\/uploads\/2024\/03\/20240306_164550.jpg\",\"datePublished\":\"2024-03-08T09:56:26+00:00\",\"dateModified\":\"2024-03-22T19:15:47+00:00\",\"breadcrumb\":{\"@id\":\"https:\/\/highrock-car.com\/urun\/toyota-sienta\/#breadcrumb\"},\"inLanguage\":\"en-US\",\"potentialAction\":[{\"@type\":\"ReadAction\",\"target\":[\"https:\/\/highrock-car.com\/urun\/toyota-sienta\/\"]}]},{\"@type\":\"ImageObject\",\"inLanguage\":\"en-US\",\"@id\":\"https:\/\/highrock-car.com\/urun\/toyota-sienta\/#primaryimage\",\"url\":\"https:\/\/highrock-car.com\/wp-content\/uploads\/2024\/03\/20240306_164550.jpg\",\"contentUrl\":\"https:\/\/highrock-car.com\/wp-content\/uploads\/2024\/03\/20240306_164550.jpg\",\"width\":600,\"height\":600,\"caption\":\"Toyota Sienta\"},{\"@type\":\"BreadcrumbList\",\"@id\":\"https:\/\/highrock-car.com\/urun\/toyota-sienta\/#breadcrumb\",\"itemListElement\":[{\"@type\":\"ListItem\",\"position\":1,\"name\":\"Home\",\"item\":\"https:\/\/highrock-car.com\/\"},{\"@type\":\"ListItem\",\"position\":2,\"name\":\"store\",\"item\":\"https:\/\/highrock-car.com\/en\/store\/\"},{\"@type\":\"ListItem\",\"position\":3,\"name\":\"Toyota Sienta\"}]},{\"@type\":\"WebSite\",\"@id\":\"https:\/\/highrock-car.com\/#website\",\"url\":\"https:\/\/highrock-car.com\/\",\"name\":\"Highrock \u015firket arabalar\u0131\",\"description\":\"sell and buy cars in north cyprus\",\"publisher\":{\"@id\":\"https:\/\/highrock-car.com\/#organization\"},\"potentialAction\":[{\"@type\":\"SearchAction\",\"target\":{\"@type\":\"EntryPoint\",\"urlTemplate\":\"https:\/\/highrock-car.com\/?s={search_term_string}\"},\"query-input\":{\"@type\":\"PropertyValueSpecification\",\"valueRequired\":true,\"valueName\":\"search_term_string\"}}],\"inLanguage\":\"en-US\"},{\"@type\":\"Organization\",\"@id\":\"https:\/\/highrock-car.com\/#organization\",\"name\":\"Highrock \u015firket arabalar\u0131\",\"url\":\"https:\/\/highrock-car.com\/\",\"logo\":{\"@type\":\"ImageObject\",\"inLanguage\":\"en-US\",\"@id\":\"https:\/\/highrock-car.com\/#\/schema\/logo\/image\/\",\"url\":\"https:\/\/highrock-car.com\/wp-content\/uploads\/2023\/05\/logo3.png\",\"contentUrl\":\"https:\/\/highrock-car.com\/wp-content\/uploads\/2023\/05\/logo3.png\",\"width\":500,\"height\":156,\"caption\":\"Highrock \u015firket arabalar\u0131\"},\"image\":{\"@id\":\"https:\/\/highrock-car.com\/#\/schema\/logo\/image\/\"}}]}<\/script>\n<meta property=\"product:price:currency\" content=\"GBP\" \/>\n<meta property=\"og:availability\" content=\"instock\" \/>\n<meta property=\"product:availability\" content=\"instock\" \/>\n<meta property=\"product:condition\" content=\"new\" \/>\n<!-- \/ Yoast SEO Premium plugin. -->","yoast_head_json":{"title":"Toyota Sienta -","robots":{"index":"index","follow":"follow","max-snippet":"max-snippet:-1","max-image-preview":"max-image-preview:large","max-video-preview":"max-video-preview:-1"},"canonical":"https:\/\/highrock-car.com\/urun\/toyota-sienta\/","og_locale":"en_US","og_type":"article","og_title":"Toyota Sienta","og_description":"D\u00fcnya oto ma\u011fazas\u0131nda. 82591Km","og_url":"https:\/\/highrock-car.com\/urun\/toyota-sienta\/","og_site_name":"sell and buy cars","article_modified_time":"2024-03-22T19:15:47+00:00","og_image":[{"width":600,"height":600,"url":"https:\/\/highrock-car.com\/wp-content\/uploads\/2024\/03\/20240306_164550.jpg","type":"image\/jpeg"}],"twitter_card":"summary_large_image","twitter_misc":{"Price":"","Availability":"In stock"},"schema":{"@context":"https:\/\/schema.org","@graph":[{"@type":"WebPage","@id":"https:\/\/highrock-car.com\/urun\/toyota-sienta\/","url":"https:\/\/highrock-car.com\/urun\/toyota-sienta\/","name":"Toyota Sienta -","isPartOf":{"@id":"https:\/\/highrock-car.com\/#website"},"primaryImageOfPage":{"@id":"https:\/\/highrock-car.com\/urun\/toyota-sienta\/#primaryimage"},"image":{"@id":"https:\/\/highrock-car.com\/urun\/toyota-sienta\/#primaryimage"},"thumbnailUrl":"https:\/\/highrock-car.com\/wp-content\/uploads\/2024\/03\/20240306_164550.jpg","datePublished":"2024-03-08T09:56:26+00:00","dateModified":"2024-03-22T19:15:47+00:00","breadcrumb":{"@id":"https:\/\/highrock-car.com\/urun\/toyota-sienta\/#breadcrumb"},"inLanguage":"en-US","potentialAction":[{"@type":"ReadAction","target":["https:\/\/highrock-car.com\/urun\/toyota-sienta\/"]}]},{"@type":"ImageObject","inLanguage":"en-US","@id":"https:\/\/highrock-car.com\/urun\/toyota-sienta\/#primaryimage","url":"https:\/\/highrock-car.com\/wp-content\/uploads\/2024\/03\/20240306_164550.jpg","contentUrl":"https:\/\/highrock-car.com\/wp-content\/uploads\/2024\/03\/20240306_164550.jpg","width":600,"height":600,"caption":"Toyota Sienta"},{"@type":"BreadcrumbList","@id":"https:\/\/highrock-car.com\/urun\/toyota-sienta\/#breadcrumb","itemListElement":[{"@type":"ListItem","position":1,"name":"Home","item":"https:\/\/highrock-car.com\/"},{"@type":"ListItem","position":2,"name":"store","item":"https:\/\/highrock-car.com\/en\/store\/"},{"@type":"ListItem","position":3,"name":"Toyota Sienta"}]},{"@type":"WebSite","@id":"https:\/\/highrock-car.com\/#website","url":"https:\/\/highrock-car.com\/","name":"Highrock \u015firket arabalar\u0131","description":"sell and buy cars in north cyprus","publisher":{"@id":"https:\/\/highrock-car.com\/#organization"},"potentialAction":[{"@type":"SearchAction","target":{"@type":"EntryPoint","urlTemplate":"https:\/\/highrock-car.com\/?s={search_term_string}"},"query-input":{"@type":"PropertyValueSpecification","valueRequired":true,"valueName":"search_term_string"}}],"inLanguage":"en-US"},{"@type":"Organization","@id":"https:\/\/highrock-car.com\/#organization","name":"Highrock \u015firket arabalar\u0131","url":"https:\/\/highrock-car.com\/","logo":{"@type":"ImageObject","inLanguage":"en-US","@id":"https:\/\/highrock-car.com\/#\/schema\/logo\/image\/","url":"https:\/\/highrock-car.com\/wp-content\/uploads\/2023\/05\/logo3.png","contentUrl":"https:\/\/highrock-car.com\/wp-content\/uploads\/2023\/05\/logo3.png","width":500,"height":156,"caption":"Highrock \u015firket arabalar\u0131"},"image":{"@id":"https:\/\/highrock-car.com\/#\/schema\/logo\/image\/"}}]},"product_price_currency":"GBP","og_availability":"instock","product_availability":"instock","product_condition":"new"},"_links":{"self":[{"href":"https:\/\/highrock-car.com\/en\/wp-json\/wp\/v2\/product\/15049","targetHints":{"allow":["GET"]}}],"collection":[{"href":"https:\/\/highrock-car.com\/en\/wp-json\/wp\/v2\/product"}],"about":[{"href":"https:\/\/highrock-car.com\/en\/wp-json\/wp\/v2\/types\/product"}],"replies":[{"embeddable":true,"href":"https:\/\/highrock-car.com\/en\/wp-json\/wp\/v2\/comments?post=15049"}],"version-history":[{"count":1,"href":"https:\/\/highrock-car.com\/en\/wp-json\/wp\/v2\/product\/15049\/revisions"}],"predecessor-version":[{"id":15909,"href":"https:\/\/highrock-car.com\/en\/wp-json\/wp\/v2\/product\/15049\/revisions\/15909"}],"wp:featuredmedia":[{"embeddable":true,"href":"https:\/\/highrock-car.com\/en\/wp-json\/wp\/v2\/media\/15016"}],"wp:attachment":[{"href":"https:\/\/highrock-car.com\/en\/wp-json\/wp\/v2\/media?parent=15049"}],"wp:term":[{"taxonomy":"product_brand","embeddable":true,"href":"https:\/\/highrock-car.com\/en\/wp-json\/wp\/v2\/product_brand?post=15049"},{"taxonomy":"product_cat","embeddable":true,"href":"https:\/\/highrock-car.com\/en\/wp-json\/wp\/v2\/product_cat?post=15049"},{"taxonomy":"product_tag","embeddable":true,"href":"https:\/\/highrock-car.com\/en\/wp-json\/wp\/v2\/product_tag?post=15049"}],"curies":[{"name":"wp","href":"https:\/\/api.w.org\/{rel}","templated":true}]}}